{"id":53,"date":"2017-09-15T22:40:44","date_gmt":"2017-09-15T22:40:44","guid":{"rendered":"https:\/\/www.iprade.com.br\/portal\/?page_id=53"},"modified":"2026-04-04T15:17:50","modified_gmt":"2026-04-04T18:17:50","slug":"a-instituicao","status":"publish","type":"page","link":"https:\/\/www.iprade.com.br\/portal\/a-instituicao\/","title":{"rendered":"A institui\u00e7\u00e3o"},"content":{"rendered":"<p>[et_pb_section fb_built=&#8221;1&#8243; fullwidth=&#8221;on&#8221; _builder_version=&#8221;4.16&#8243; background_image=&#8221;https:\/\/www.iprade.com.br\/portal\/wp-content\/uploads\/2017\/09\/topo-paginas.png&#8221; global_colors_info=&#8221;{}&#8221;][et_pb_fullwidth_header title=&#8221;A INSTITUI\u00c7\u00c3O&#8221; text_orientation=&#8221;center&#8221; _builder_version=&#8221;4.16&#8243; title_font=&#8221;|on||on|&#8221; background_color=&#8221;rgba(255, 255, 255, 0)&#8221; custom_padding=&#8221;25px||25px|&#8221; animation_style=&#8221;fade&#8221; button_one_letter_spacing_hover=&#8221;0&#8243; button_two_letter_spacing_hover=&#8221;0&#8243; global_colors_info=&#8221;{}&#8221; button_one_text_size__hover_enabled=&#8221;off&#8221; button_one_text_size__hover=&#8221;null&#8221; button_two_text_size__hover_enabled=&#8221;off&#8221; button_two_text_size__hover=&#8221;null&#8221; button_one_text_color__hover_enabled=&#8221;off&#8221; button_one_text_color__hover=&#8221;null&#8221; button_two_text_color__hover_enabled=&#8221;off&#8221; button_two_text_color__hover=&#8221;null&#8221; button_one_border_width__hover_enabled=&#8221;off&#8221; button_one_border_width__hover=&#8221;null&#8221; button_two_border_width__hover_enabled=&#8221;off&#8221; button_two_border_width__hover=&#8221;null&#8221; button_one_border_color__hover_enabled=&#8221;off&#8221; button_one_border_color__hover=&#8221;null&#8221; button_two_border_color__hover_enabled=&#8221;off&#8221; button_two_border_color__hover=&#8221;null&#8221; button_one_border_radius__hover_enabled=&#8221;off&#8221; button_one_border_radius__hover=&#8221;null&#8221; button_two_border_radius__hover_enabled=&#8221;off&#8221; button_two_border_radius__hover=&#8221;null&#8221; button_one_letter_spacing__hover_enabled=&#8221;on&#8221; button_one_letter_spacing__hover=&#8221;0&#8243; button_two_letter_spacing__hover_enabled=&#8221;on&#8221; button_two_letter_spacing__hover=&#8221;0&#8243; button_one_bg_color__hover_enabled=&#8221;off&#8221; button_one_bg_color__hover=&#8221;null&#8221; button_two_bg_color__hover_enabled=&#8221;off&#8221; button_two_bg_color__hover=&#8221;null&#8221;][\/et_pb_fullwidth_header][\/et_pb_section][et_pb_section fb_built=&#8221;1&#8243; _builder_version=&#8221;4.16&#8243; global_colors_info=&#8221;{}&#8221;][et_pb_row _builder_version=&#8221;4.16&#8243; background_size=&#8221;initial&#8221; background_position=&#8221;top_left&#8221; background_repeat=&#8221;repeat&#8221; global_colors_info=&#8221;{}&#8221;][et_pb_column type=&#8221;4_4&#8243; _builder_version=&#8221;4.16&#8243; custom_padding=&#8221;|||&#8221; global_colors_info=&#8221;{}&#8221; custom_padding__hover=&#8221;|||&#8221;][et_pb_text _builder_version=&#8221;4.16&#8243; custom_padding=&#8221;15px||15px|20px&#8221; custom_css_main_element=&#8221;border-left: 5px solid #46c2d2;&#8221; global_colors_info=&#8221;{}&#8221;]<\/p>\n<h2><strong>O<\/strong> <strong>IPRADE &#8211;\u00a0Instituto Paranaense de Direito Eleitoral<\/strong><\/h2>\n<p>[\/et_pb_text][et_pb_text _builder_version=&#8221;4.16&#8243; global_colors_info=&#8221;{}&#8221;]<\/p>\n<p style=\"text-align: justify;\">Foi fundado em 06 mar\u00e7o de 2008, por um grupo de advogados que atuavam junto \u00e0 Justi\u00e7a Eleitoral e de professores que trabalhavam com o Direito Eleitoral e \u00e1reas afins (Ci\u00eancia Pol\u00edtica e Sociologia do Direito, dentre outras). Al\u00e9m de imaginar uma institui\u00e7\u00e3o para o estudo s\u00e9rio da doutrina do Direito Eleitoral e para organiza\u00e7\u00e3o de eventos cient\u00edficos na \u00e1rea, outra principal motiva\u00e7\u00e3o dos fundadores do IPRADE foi o desejo de constituir uma institui\u00e7\u00e3o que pudesse atuar, concretamente, na consolida\u00e7\u00e3o das institui\u00e7\u00f5es do exerc\u00edcio da democracia e na luta por um Estado Democr\u00e1tico de Direito mais substancial.<\/p>\n<p style=\"text-align: justify;\">Outra preocupa\u00e7\u00e3o dos fundadores foi construir uma institui\u00e7\u00e3o que, por comprometida com o princ\u00edpio democr\u00e1tico, pudesse ser totalmente aberta e plural na sua composi\u00e7\u00e3o. Assim, sua primeira diretoria comportou os mais variados profissionais \u2013 advogados, professores, ju\u00edzes da Justi\u00e7a Eleitoral e membros do Minist\u00e9rio P\u00fablico Federal e Estadual \u2013 bem como, dentre os advogados, profissionais que atuavam para os mais diversos partidos pol\u00edticos do pa\u00eds. E foi esse car\u00e1ter plural e apartid\u00e1rio que, desde o in\u00edcio, permitiu que o IPRADE exercesse papel de destaque, desde a sua funda\u00e7\u00e3o, n\u00e3o s\u00f3 no cen\u00e1rio jur\u00eddico do Direito Eleitoral mas tamb\u00e9m na sociedade paranaense.<\/p>\n<p style=\"text-align: justify;\">O ato de lan\u00e7amento do IPRADE, em 14 de mar\u00e7o de 2008, deu-se com uma palestra do\u00a0advogado Fernando Neves da Silva, ex-Ministro do Tribunal Superior Eleitoral e ex-Presidente do Instituto Brasileiro de Direito Eleitoral \u2013 IBRADE \u2013, sobre o tema da vida pregressa e inelegibilidade, evento que se realizou no grande audit\u00f3rio do Tribunal Regional Eleitoral do Paran\u00e1.<\/p>\n<p style=\"text-align: justify;\">A primeira Diretoria do IPRADE foi Presidida pelo advogado e professor Guilherme de Salles Gon\u00e7alves, tendo como vice o advogado e Doutor em Direito Luiz Fernando Pereira, como 1\u00ba Secret\u00e1rio, o advogado Leandro Rosa, como tesoureiro, o advogado Cristiano Hotz, e, como presidente do Conselho Consultivo, o ent\u00e3o Procurador Regional Eleitoral e Professor Doutor de Direito Constitucional N\u00e9viton de Oliveira Batista Guedes.\u00a0Integraram ainda a primeira diretoria respons\u00e1vel pela funda\u00e7\u00e3o do Instituto os advogados: Luis Gustavo Severo, Carla Karpstein, Gustavo Guedes, Marden Machado, Fernando Santos, Gustavo Kfouri, Leonardo Thiele (<em>in memorian<\/em>), e Fabr\u00edcio Ferreira.<\/p>\n<p style=\"text-align: justify;\">Receberam os t\u00edtulos de membros honor\u00e1rios do IPRADE os Doutores: Antonio Fernando Souza, Carlos Fernando Corr\u00eaa de Castro, Clot\u00e1rio de Macedo Portugal Netom, e Carlos Luiz Strapazzon.<\/p>\n<p>[\/et_pb_text][\/et_pb_column][\/et_pb_row][et_pb_row _builder_version=&#8221;4.17.3&#8243; _module_preset=&#8221;default&#8221;][et_pb_column _builder_version=&#8221;4.17.3&#8243; _module_preset=&#8221;default&#8221; type=&#8221;4_4&#8243;][et_pb_video src=&#8221;https:\/\/www.youtube.com\/watch?v=ZhcHQ_t7x4w&#8221; _builder_version=&#8221;4.17.3&#8243; _module_preset=&#8221;default&#8221; image_src=&#8221;https:\/\/www.iprade.com.br\/portal\/wp-content\/uploads\/2026\/04\/Captura-de-tela-2026-04-04-151700.png&#8221; title_text=&#8221;Captura de tela 2026-04-04 151700&#8243; hover_enabled=&#8221;0&#8243; sticky_enabled=&#8221;0&#8243;][\/et_pb_video][\/et_pb_column][\/et_pb_row][\/et_pb_section]<\/p>\n","protected":false},"excerpt":{"rendered":"<p>O IPRADE &#8211;\u00a0Instituto Paranaense de Direito Eleitoral Foi fundado em 06 mar\u00e7o de 2008, por um grupo de advogados que atuavam junto \u00e0 Justi\u00e7a Eleitoral e de professores que trabalhavam com o Direito Eleitoral e \u00e1reas afins (Ci\u00eancia Pol\u00edtica e Sociologia do Direito, dentre outras). Al\u00e9m de imaginar uma institui\u00e7\u00e3o para o estudo s\u00e9rio da [&hellip;]<\/p>\n","protected":false},"author":1,"featured_media":0,"parent":0,"menu_order":0,"comment_status":"closed","ping_status":"closed","template":"","meta":{"_et_pb_use_builder":"on","_et_pb_old_content":"","_et_gb_content_width":""},"_links":{"self":[{"href":"https:\/\/www.iprade.com.br\/portal\/wp-json\/wp\/v2\/pages\/53"}],"collection":[{"href":"https:\/\/www.iprade.com.br\/portal\/wp-json\/wp\/v2\/pages"}],"about":[{"href":"https:\/\/www.iprade.com.br\/portal\/wp-json\/wp\/v2\/types\/page"}],"author":[{"embeddable":true,"href":"https:\/\/www.iprade.com.br\/portal\/wp-json\/wp\/v2\/users\/1"}],"replies":[{"embeddable":true,"href":"https:\/\/www.iprade.com.br\/portal\/wp-json\/wp\/v2\/comments?post=53"}],"version-history":[{"count":7,"href":"https:\/\/www.iprade.com.br\/portal\/wp-json\/wp\/v2\/pages\/53\/revisions"}],"predecessor-version":[{"id":4670,"href":"https:\/\/www.iprade.com.br\/portal\/wp-json\/wp\/v2\/pages\/53\/revisions\/4670"}],"wp:attachment":[{"href":"https:\/\/www.iprade.com.br\/portal\/wp-json\/wp\/v2\/media?parent=53"}],"curies":[{"name":"wp","href":"https:\/\/api.w.org\/{rel}","templated":true}]}}